{"id":7645,"date":"2025-11-20T14:35:34","date_gmt":"2025-11-20T20:35:34","guid":{"rendered":"https:\/\/pizzagoool.com\/producto\/pizza-goool\/"},"modified":"2026-04-15T18:44:04","modified_gmt":"2026-04-15T23:44:04","slug":"pizza-goool","status":"publish","type":"product","link":"https:\/\/pizzagoool.com\/es\/producto\/pizza-goool\/","title":{"rendered":"Pizza Goool"},"content":{"rendered":"<p><strong>Ham, pepperoni, sausage, tomato, green peppers, olives, mushrooms &#038; sweet corn<\/strong><\/p>\n<p><em>Jam\u00f3n, pepperoni, salchicha, tomate, pimiento morr\u00f3n, aceitunas, champi\u00f1\u00f3n y elote<\/em><\/p>","protected":false},"excerpt":{"rendered":"<p><strong>Ham, pepperoni, italian sausage, tomato, green peppers, olives, mushrooms &amp; sweet corn<\/strong><\/p>\n<p><em>Jam\u00f3n, pepperoni, salchicha itliana, tomate, pimiento morr\u00f3n, aceitunas, champi\u00f1\u00f3n y elote<\/em><\/p>","protected":false},"featured_media":7646,"comment_status":"open","ping_status":"closed","template":"","meta":[],"product_brand":[],"product_cat":[54],"product_tag":[],"class_list":{"0":"post-7645","1":"product","2":"type-product","3":"status-publish","4":"has-post-thumbnail","6":"wc_square_synced-yes","7":"product_cat-pizzas","9":"first","10":"instock","11":"taxable","12":"shipping-taxable","13":"purchasable","14":"product-type-variable"},"exclude_global_add_ons":false,"addons":[{"name":"Extra Pi\u00f1a","type":"multiple_choice","position":0,"required":false,"title_format":"label","default":"","description_enable":false,"description":"","placeholder_enable":false,"placeholder":"","display":"images","restrictions_type":"any_text","adjust_price":false,"price":"","price_type":"flat_fee","restrictions":false,"min":"0","max":"0","options":[{"label":"Left","price":"2","price_type":"flat_fee","image":6987,"visibility":true},{"label":"Whole","price":"3","price_type":"flat_fee","image":6986,"visibility":true},{"label":"Right","price":"2","price_type":"flat_fee","image":6985,"visibility":true}],"id":1761627373},{"name":"Extra Salame","type":"multiple_choice","position":1,"required":false,"title_format":"label","default":"","description_enable":false,"description":"","placeholder_enable":false,"placeholder":"","display":"images","restrictions_type":"any_text","adjust_price":false,"price":"","price_type":"flat_fee","restrictions":false,"min":"0","max":"0","options":[{"label":"Left","price":"2","price_type":"flat_fee","image":6987,"visibility":true},{"label":"Whole","price":"3","price_type":"flat_fee","image":6986,"visibility":true},{"label":"Right","price":"2","price_type":"flat_fee","image":6985,"visibility":true}],"id":1761633785}],"_links":{"self":[{"href":"https:\/\/pizzagoool.com\/es\/wp-json\/wp\/v2\/product\/7645","targetHints":{"allow":["GET"]}}],"collection":[{"href":"https:\/\/pizzagoool.com\/es\/wp-json\/wp\/v2\/product"}],"about":[{"href":"https:\/\/pizzagoool.com\/es\/wp-json\/wp\/v2\/types\/product"}],"replies":[{"embeddable":true,"href":"https:\/\/pizzagoool.com\/es\/wp-json\/wp\/v2\/comments?post=7645"}],"wp:featuredmedia":[{"embeddable":true,"href":"https:\/\/pizzagoool.com\/es\/wp-json\/wp\/v2\/media\/7646"}],"wp:attachment":[{"href":"https:\/\/pizzagoool.com\/es\/wp-json\/wp\/v2\/media?parent=7645"}],"wp:term":[{"taxonomy":"product_brand","embeddable":true,"href":"https:\/\/pizzagoool.com\/es\/wp-json\/wp\/v2\/product_brand?post=7645"},{"taxonomy":"product_cat","embeddable":true,"href":"https:\/\/pizzagoool.com\/es\/wp-json\/wp\/v2\/product_cat?post=7645"},{"taxonomy":"product_tag","embeddable":true,"href":"https:\/\/pizzagoool.com\/es\/wp-json\/wp\/v2\/product_tag?post=7645"}],"curies":[{"name":"wp","href":"https:\/\/api.w.org\/{rel}","templated":true}]}}